{"id":1025,"date":"2025-05-21T21:37:58","date_gmt":"2025-05-21T21:37:58","guid":{"rendered":"https:\/\/lumira.com.co\/nuevo\/?page_id=1025"},"modified":"2025-05-21T21:40:20","modified_gmt":"2025-05-21T21:40:20","slug":"seccion-denuncias","status":"publish","type":"page","link":"https:\/\/lumira.com.co\/nuevo\/seccion-denuncias\/","title":{"rendered":"Secci\u00f3n Denuncias"},"content":{"rendered":"\t\t<div data-elementor-type=\"wp-page\" data-elementor-id=\"1025\" class=\"elementor elementor-1025\" data-elementor-post-type=\"page\">\n\t\t\t\t<div class=\"elementor-element elementor-element-f449ae2 e-flex e-con-boxed e-con e-parent\" data-id=\"f449ae2\" data-element_type=\"container\">\n\t\t\t\t\t<div class=\"e-con-inner\">\n\t\t\t\t<div class=\"elementor-element elementor-element-4292dfd elementor-widget elementor-widget-text-editor\" data-id=\"4292dfd\" data-element_type=\"widget\" data-widget_type=\"text-editor.default\">\n\t\t\t\t<div class=\"elementor-widget-container\">\n\t\t\t\t\t\t\t\t\t<div class=\"elementor-element elementor-element-92f5f95 elementor-widget elementor-widget-spacer\" data-id=\"92f5f95\" data-element_type=\"widget\" data-widget_type=\"spacer.default\"><div class=\"elementor-widget-container\"><div class=\"elementor-spacer\"><div class=\"elementor-spacer-inner\">\u00a0<\/div><\/div><\/div><\/div><div class=\"elementor-element elementor-element-08882f1 elementor-widget elementor-widget-text-editor\" data-id=\"08882f1\" data-element_type=\"widget\" data-widget_type=\"text-editor.default\"><div class=\"elementor-widget-container\"><p>En esta secci\u00f3n puedes reportar de manera confidencial cualquier situaci\u00f3n que consideres contraria a la \u00e9tica, las pol\u00edticas internas o la normativa legal vigente. Valoramos tu compromiso con la transparencia y el comportamiento responsable.<\/p><p>Tu denuncia ser\u00e1 tratada con absoluta confidencialidad. La informaci\u00f3n que compartas ser\u00e1 revisada por un equipo autorizado, garantizando que no se revelar\u00e1 tu identidad sin tu consentimiento, salvo que sea requerido por una autoridad competente.<\/p><p>Para asegurar una investigaci\u00f3n efectiva, te pedimos que la informaci\u00f3n suministrada sea veraz, clara y lo m\u00e1s detallada posible. Presentar denuncias falsas o malintencionadas puede tener consecuencias legales.<\/p><p>Tu colaboraci\u00f3n es fundamental para mantener una cultura de integridad.<\/p><p>Si tienes conocimiento de alg\u00fan hecho que deba ser reportado, no dudes en completar el formulario. Estamos aqu\u00ed para escucharte.<\/p><\/div><\/div>\t\t\t\t\t\t\t\t<\/div>\n\t\t\t\t<\/div>\n\t\t\t\t<div class=\"elementor-element elementor-element-2e1768c elementor-button-align-stretch elementor-widget elementor-widget-form\" data-id=\"2e1768c\" data-element_type=\"widget\" data-settings=\"{&quot;step_next_label&quot;:&quot;Next&quot;,&quot;step_previous_label&quot;:&quot;Previous&quot;,&quot;button_width&quot;:&quot;100&quot;,&quot;step_type&quot;:&quot;number_text&quot;,&quot;step_icon_shape&quot;:&quot;circle&quot;}\" data-widget_type=\"form.default\">\n\t\t\t\t<div class=\"elementor-widget-container\">\n\t\t\t\t\t\t\t<form class=\"elementor-form\" method=\"post\" name=\"New Form\">\n\t\t\t<input type=\"hidden\" name=\"post_id\" value=\"1025\"\/>\n\t\t\t<input type=\"hidden\" name=\"form_id\" value=\"2e1768c\"\/>\n\t\t\t<input type=\"hidden\" name=\"referer_title\" value=\"Secci\u00f3n Denuncias\" \/>\n\n\t\t\t\t\t\t\t<input type=\"hidden\" name=\"queried_id\" value=\"1025\"\/>\n\t\t\t\n\t\t\t<div class=\"elementor-form-fields-wrapper elementor-labels-above\">\n\t\t\t\t\t\t\t\t<div class=\"elementor-field-type-text elementor-field-group elementor-column elementor-field-group-name elementor-col-100\">\n\t\t\t\t\t\t\t\t\t\t\t\t<label for=\"form-field-name\" class=\"elementor-field-label\">\n\t\t\t\t\t\t\t\tTipo Denuncia\t\t\t\t\t\t\t<\/label>\n\t\t\t\t\t\t\t\t\t\t\t\t\t\t<input size=\"1\" type=\"text\" name=\"form_fields[name]\" id=\"form-field-name\" class=\"elementor-field elementor-size-sm  elementor-field-textual\" placeholder=\"tipo de denuncia\">\n\t\t\t\t\t\t\t\t\t\t\t<\/div>\n\t\t\t\t\t\t\t\t<div class=\"elementor-field-type-text elementor-field-group elementor-column elementor-field-group-field_5dc0c31 elementor-col-100\">\n\t\t\t\t\t\t\t\t\t\t\t\t<label for=\"form-field-field_5dc0c31\" class=\"elementor-field-label\">\n\t\t\t\t\t\t\t\tAsunto\t\t\t\t\t\t\t<\/label>\n\t\t\t\t\t\t\t\t\t\t\t\t\t\t<input size=\"1\" type=\"text\" name=\"form_fields[field_5dc0c31]\" id=\"form-field-field_5dc0c31\" class=\"elementor-field elementor-size-sm  elementor-field-textual\" placeholder=\"Asunto\">\n\t\t\t\t\t\t\t\t\t\t\t<\/div>\n\t\t\t\t\t\t\t\t<div class=\"elementor-field-type-textarea elementor-field-group elementor-column elementor-field-group-message elementor-col-100\">\n\t\t\t\t\t\t\t\t\t\t\t\t<label for=\"form-field-message\" class=\"elementor-field-label\">\n\t\t\t\t\t\t\t\tMensaje\t\t\t\t\t\t\t<\/label>\n\t\t\t\t\t\t<textarea class=\"elementor-field-textual elementor-field  elementor-size-sm\" name=\"form_fields[message]\" id=\"form-field-message\" rows=\"4\" placeholder=\"mensaje\"><\/textarea>\t\t\t\t<\/div>\n\t\t\t\t\t\t\t\t<div class=\"elementor-field-group elementor-column elementor-field-type-submit elementor-col-100 e-form__buttons\">\n\t\t\t\t\t<button class=\"elementor-button elementor-size-sm\" type=\"submit\">\n\t\t\t\t\t\t<span class=\"elementor-button-content-wrapper\">\n\t\t\t\t\t\t\t\t\t\t\t\t\t\t\t\t\t\t\t\t\t\t<span class=\"elementor-button-text\">REPORTAR<\/span>\n\t\t\t\t\t\t\t\t\t\t\t\t\t<\/span>\n\t\t\t\t\t<\/button>\n\t\t\t\t<\/div>\n\t\t\t<\/div>\n\t\t<\/form>\n\t\t\t\t\t\t<\/div>\n\t\t\t\t<\/div>\n\t\t\t\t\t<\/div>\n\t\t\t\t<\/div>\n\t\t\t\t<\/div>\n\t\t","protected":false},"excerpt":{"rendered":"<p>\u00a0 En esta secci\u00f3n puedes reportar de manera confidencial cualquier situaci\u00f3n que consideres contraria a la \u00e9tica, las pol\u00edticas internas o la normativa legal vigente. Valoramos tu compromiso con la transparencia y el comportamiento responsable. Tu denuncia ser\u00e1 tratada con absoluta confidencialidad. La informaci\u00f3n que compartas ser\u00e1 revisada por un equipo autorizado, garantizando que no [&hellip;]<\/p>\n","protected":false},"author":1,"featured_media":0,"parent":0,"menu_order":0,"comment_status":"closed","ping_status":"closed","template":"","meta":{"_seopress_robots_primary_cat":"","_seopress_titles_title":"","_seopress_titles_desc":"","_seopress_robots_index":"","footnotes":""},"class_list":["post-1025","page","type-page","status-publish","hentry"],"_links":{"self":[{"href":"https:\/\/lumira.com.co\/nuevo\/wp-json\/wp\/v2\/pages\/1025","targetHints":{"allow":["GET"]}}],"collection":[{"href":"https:\/\/lumira.com.co\/nuevo\/wp-json\/wp\/v2\/pages"}],"about":[{"href":"https:\/\/lumira.com.co\/nuevo\/wp-json\/wp\/v2\/types\/page"}],"author":[{"embeddable":true,"href":"https:\/\/lumira.com.co\/nuevo\/wp-json\/wp\/v2\/users\/1"}],"replies":[{"embeddable":true,"href":"https:\/\/lumira.com.co\/nuevo\/wp-json\/wp\/v2\/comments?post=1025"}],"version-history":[{"count":4,"href":"https:\/\/lumira.com.co\/nuevo\/wp-json\/wp\/v2\/pages\/1025\/revisions"}],"predecessor-version":[{"id":1029,"href":"https:\/\/lumira.com.co\/nuevo\/wp-json\/wp\/v2\/pages\/1025\/revisions\/1029"}],"wp:attachment":[{"href":"https:\/\/lumira.com.co\/nuevo\/wp-json\/wp\/v2\/media?parent=1025"}],"curies":[{"name":"wp","href":"https:\/\/api.w.org\/{rel}","templated":true}]}}