{"id":993,"date":"2025-05-21T21:24:43","date_gmt":"2025-05-21T21:24:43","guid":{"rendered":"https:\/\/lumira.com.co\/nuevo\/?page_id=993"},"modified":"2025-05-21T21:30:40","modified_gmt":"2025-05-21T21:30:40","slug":"terminos-y-condiciones","status":"publish","type":"page","link":"https:\/\/lumira.com.co\/nuevo\/terminos-y-condiciones\/","title":{"rendered":"T\u00e9rminos y Condiciones"},"content":{"rendered":"\t\t<div data-elementor-type=\"wp-page\" data-elementor-id=\"993\" class=\"elementor elementor-993\" data-elementor-post-type=\"page\">\n\t\t\t\t<div class=\"elementor-element elementor-element-f61ad28 e-flex e-con-boxed e-con e-parent\" data-id=\"f61ad28\" data-element_type=\"container\">\n\t\t\t\t\t<div class=\"e-con-inner\">\n\t\t\t\t<div class=\"elementor-element elementor-element-b287e5a elementor-widget elementor-widget-text-editor\" data-id=\"b287e5a\" data-element_type=\"widget\" data-widget_type=\"text-editor.default\">\n\t\t\t\t<div class=\"elementor-widget-container\">\n\t\t\t\t\t\t\t\t\t<p>Este sitio web (el \u2018Sitio\u2019) (excluidos los sitios vinculados) est\u00e1 controlado por LumiraDx UK, 3 More London Riverside, SE1 2AQ, Londres (n\u00famero de empresa 09206123 (\u2018LumiraDx\u2019 o \u2018Empresa\u2019), y est\u00e1 protegido por leyes de derechos de autor mundiales . Se puede acceder al Sitio desde varios pa\u00edses alrededor del mundo. Como cada uno de estos pa\u00edses tiene leyes que pueden diferir de las del Reino Unido, al acceder al Sitio, tanto usted como LumiraDx aceptan que las leyes de Inglaterra y Gales se aplicar\u00e1n a todos los asuntos que surjan o est\u00e9n relacionados con el uso y el Contenido del Sitio. Tambi\u00e9n acepta y por la presente se somete a la jurisdicci\u00f3n y competencia no exclusiva de los tribunales de Londres, Reino Unido con respecto a dichos asuntos.<\/p><p><strong>Disponibilidad de productos<\/strong><br \/>La referencia a cualquier producto o servicio en el Sitio no constituye una oferta para vender o suministrar ese producto o servicio. Se debe buscar asesoramiento espec\u00edfico sobre la disponibilidad e idoneidad de cualquier producto o servicio en particular antes de la compra. Es posible que los productos descritos o enumerados en este sitio no est\u00e9n disponibles en todos los pa\u00edses.<\/p><p><strong>Contenido<\/strong><br \/>La informaci\u00f3n de este Sitio se ha incluido de buena fe y tiene \u00fanicamente fines informativos generales. No se debe confiar en \u00e9l para ning\u00fan prop\u00f3sito espec\u00edfico y no se ofrece ninguna representaci\u00f3n o garant\u00eda con respecto a su precisi\u00f3n o integridad. Ninguna informaci\u00f3n contenida en este Sitio constituir\u00e1 una invitaci\u00f3n a invertir en la Compa\u00f1\u00eda, ni debe utilizarse como base para ninguna decisi\u00f3n de inversi\u00f3n. El contenido de este sitio no pretende ser un consejo m\u00e9dico ni se recomienda como un sustituto del consejo m\u00e9dico. Siempre debe buscar el consejo de su m\u00e9dico o profesional de la salud con respecto a cualquier condici\u00f3n m\u00e9dica o tratamiento. Ni la Compa\u00f1\u00eda, sus afiliadas, ni sus respectivos directores, funcionarios, empleados, agentes o representantes se dedican a brindar asesoramiento m\u00e9dico.<\/p><p><strong>Declaraciones prospectivas<\/strong><br \/>Este Sitio puede contener ciertas declaraciones prospectivas, seg\u00fan lo definen las Leyes de valores aplicables, con respecto al desempe\u00f1o futuro de LumiraDx o los eventos que LumiraDx anticipa que ocurrir\u00e1n en el futuro. Todas estas declaraciones se basan en las expectativas actuales de LumiraDx e implican una serie de factores de riesgo e incertidumbres. Los resultados y el rendimiento reales pueden diferir materialmente. LumiraDx no garantiza ninguna declaraci\u00f3n prospectiva y no asume la obligaci\u00f3n de hacer p\u00fablica ninguna revisi\u00f3n de ninguna declaraci\u00f3n prospectiva, excepto seg\u00fan lo requieran las regulaciones aplicables.<\/p><p><strong>Sitios enlazados<\/strong><br \/>Mientras navega por este Sitio, es posible que se le ofrezcan enlaces autom\u00e1ticos a otros sitios web relevantes para un aspecto particular de este Sitio. Esto no indica que LumiraDx est\u00e9 necesariamente asociado con cualquiera de estos otros sitios o sus propietarios. Si bien es la intenci\u00f3n de LumiraDx que usted encuentre estos otros sitios de inter\u00e9s, ni LumiraDx, sus afiliados, ni sus respectivos directores, funcionarios, empleados o agentes tendr\u00e1n ninguna responsabilidad u obligaci\u00f3n de cualquier naturaleza por estos otros sitios o cualquier informaci\u00f3n contenida en ellos, ninguno de los cuales ha sido verificado o respaldado por LumiraDx. Otros sitios de LumiraDx pueden estar regidos por T\u00e9rminos y Condiciones y Pol\u00edticas de Privacidad espec\u00edficos y separados. Al ingresar a otro sitio LumiraDx, debe leer detenidamente los T\u00e9rminos y condiciones y las Pol\u00edticas de privacidad que rigen dicho sitio.<\/p><p><strong>Sin garant\u00eda de empleo<\/strong><br \/>LumiraDx puede enumerar o describir ciertas oportunidades profesionales en este Sitio. LumiraDx no garantiza ni promete que, tras la solicitud de empleo, recibir\u00e1 una oferta de empleo o colocaci\u00f3n en el puesto que solicit\u00f3, o que cualquier empleo o puesto est\u00e1 disponible.<\/p><p>Declaraci\u00f3n de la Comisi\u00f3n de Igualdad de Oportunidades en el Empleo<br \/>LumiraDx no discrimina a ning\u00fan empleado o solicitante de empleo por motivos de raza, color, credo, religi\u00f3n, nacionalidad, sexo, discapacidad, edad, estado civil, orientaci\u00f3n sexual, afiliaci\u00f3n pol\u00edtica o condici\u00f3n de veterano. LumiraDx toma todas las decisiones con respecto a ofertas de empleo de acuerdo con las leyes federales, estatales y locales aplicables.<\/p><p><strong>Renuncia de garant\u00edas<\/strong><br \/>Todo el Contenido de este sitio o al que se puede acceder desde \u00e9l se proporciona \u201ctal cual\u201d sin garant\u00eda de ning\u00fan tipo, ya sea expresa o impl\u00edcita, incluidas, entre otras, las garant\u00edas impl\u00edcitas de comerciabilidad, idoneidad para un prop\u00f3sito particular o no infracci\u00f3n. El uso de este sitio es bajo su propio riesgo. LumiraDx no garantiza que el contenido disponible en este sitio web o el sitio web en s\u00ed est\u00e9 libre de errores. LumiraDx renuncia expresamente a cualquier obligaci\u00f3n de actualizar el contenido de este sitio. LumiraDx no garantiza que el contenido de este sitio est\u00e9 libre de virus u otras propiedades da\u00f1inas.<\/p><p><strong>Limitaci\u00f3n de responsabilidad<\/strong><br \/>El uso de este sitio es bajo su propio riesgo. En la m\u00e1xima medida permitida por la ley aplicable, bajo ninguna circunstancia LumiraDx, sus subsidiarias y afiliadas, y sus respectivos directores, funcionarios, empleados, agentes, sucesores y cesionarios, ser\u00e1n responsables ante cualquier usuario por cualquier p\u00e9rdida o da\u00f1o, incluidos, entre otros, por p\u00e9rdida de ganancias, ingresos o datos, u otras p\u00e9rdidas o da\u00f1os de cualquier tipo que surjan del uso o la imposibilidad de usar este sitio o cualquier contenido incluido en \u00e9l, ya sea por contrato, agravio (incluida la negligencia), incumplimiento del deber legal o de lo contrario, incluso si LumiraDx ha sido advertido de la posibilidad de tales da\u00f1os o p\u00e9rdidas.<\/p><p><strong>Derechos de autor<\/strong><br \/>Todos los derechos reservados. Todo el contenido y los materiales que componen este sitio web, incluido el dise\u00f1o del sitio web, texto, gr\u00e1ficos, fotograf\u00edas, ilustraciones, im\u00e1genes, iconos y otros materiales, datos e informaci\u00f3n (el \u2018Contenido\u2019), est\u00e1n protegidos por derechos de autor en el Reino Unido, EE. UU. y las leyes y tratados internacionales de derechos de autor, y son propiedad exclusiva de LumiraDx. Este Sitio y su Contenido son proporcionados por LumiraDx \u00fanicamente para el uso personal y no comercial de los usuarios de este Sitio. Se otorga permiso para descargar, copiar electr\u00f3nicamente e imprimir en papel, para dicho uso personal, partes limitadas del contenido de este Sitio \u00fanicamente con fines informativos. Cualquier otro uso de este Sitio y su Contenido, sin el permiso previo expreso por escrito de LumiraDx, est\u00e1 estrictamente prohibido. En particular, y sin limitaci\u00f3n.<\/p><p><strong>Marcas comerciales<\/strong><br \/>Todas las marcas comerciales, marcas de servicio, nombres comerciales, imagen comercial y productos que se muestran en este Sitio est\u00e1n protegidos en el Reino Unido, Estados Unidos e internacionalmente y son propiedad de LumiraDx o se usan bajo licencia. El uso no autorizado de cualquier marca registrada en este Sitio est\u00e1 estrictamente prohibido, y nada de lo contenido en este Sitio puede interpretarse como una concesi\u00f3n, por implicaci\u00f3n, impedimento legal o de otro modo, cualquier derecho o licencia para usar cualquier marca registrada.<\/p><p><strong>Divisibilidad<\/strong><br \/>Si alguna parte de estos T\u00e9rminos y Condiciones es ilegal, nula o inaplicable por cualquier motivo, esa parte se considerar\u00e1 separable y no afectar\u00e1 la validez y aplicabilidad de las disposiciones restantes.<\/p><p><strong>General<\/strong><br \/>Estos T\u00e9rminos y Condiciones, junto con la Pol\u00edtica de Privacidad , constituyen el acuerdo completo entre usted y LumiraDx con respecto a su uso y acceso a este Sitio. Cualquier falla de LumiraDx para ejercer o hacer cumplir cualquier disposici\u00f3n o derecho bajo estos T\u00e9rminos y Condiciones no constituye una renuncia a los mismos. Se reservan todos los derechos no otorgados expresamente en estos T\u00e9rminos y condiciones. LumiraDx se reserva el derecho de cambiar sus T\u00e9rminos y Condiciones en cualquier momento<\/p><p><strong>Cont\u00e1ctenos<\/strong><br \/>Para contactar LumiraDx con respecto a este Sitio o su Contenido, escr\u00edbanos a: info@lumira.com.co<\/p>\t\t\t\t\t\t\t\t<\/div>\n\t\t\t\t<\/div>\n\t\t\t\t\t<\/div>\n\t\t\t\t<\/div>\n\t\t\t\t<\/div>\n\t\t","protected":false},"excerpt":{"rendered":"<p>Este sitio web (el \u2018Sitio\u2019) (excluidos los sitios vinculados) est\u00e1 controlado por LumiraDx UK, 3 More London Riverside, SE1 2AQ, Londres (n\u00famero de empresa 09206123 (\u2018LumiraDx\u2019 o \u2018Empresa\u2019), y est\u00e1 protegido por leyes de derechos de autor mundiales . Se puede acceder al Sitio desde varios pa\u00edses alrededor del mundo. Como cada uno de estos [&hellip;]<\/p>\n","protected":false},"author":1,"featured_media":0,"parent":0,"menu_order":0,"comment_status":"closed","ping_status":"closed","template":"","meta":{"_seopress_robots_primary_cat":"","_seopress_titles_title":"","_seopress_titles_desc":"","_seopress_robots_index":"","footnotes":""},"class_list":["post-993","page","type-page","status-publish","hentry"],"_links":{"self":[{"href":"https:\/\/lumira.com.co\/nuevo\/wp-json\/wp\/v2\/pages\/993","targetHints":{"allow":["GET"]}}],"collection":[{"href":"https:\/\/lumira.com.co\/nuevo\/wp-json\/wp\/v2\/pages"}],"about":[{"href":"https:\/\/lumira.com.co\/nuevo\/wp-json\/wp\/v2\/types\/page"}],"author":[{"embeddable":true,"href":"https:\/\/lumira.com.co\/nuevo\/wp-json\/wp\/v2\/users\/1"}],"replies":[{"embeddable":true,"href":"https:\/\/lumira.com.co\/nuevo\/wp-json\/wp\/v2\/comments?post=993"}],"version-history":[{"count":4,"href":"https:\/\/lumira.com.co\/nuevo\/wp-json\/wp\/v2\/pages\/993\/revisions"}],"predecessor-version":[{"id":1004,"href":"https:\/\/lumira.com.co\/nuevo\/wp-json\/wp\/v2\/pages\/993\/revisions\/1004"}],"wp:attachment":[{"href":"https:\/\/lumira.com.co\/nuevo\/wp-json\/wp\/v2\/media?parent=993"}],"curies":[{"name":"wp","href":"https:\/\/api.w.org\/{rel}","templated":true}]}}