{"id":997,"date":"2025-05-21T21:25:50","date_gmt":"2025-05-21T21:25:50","guid":{"rendered":"https:\/\/lumira.com.co\/nuevo\/?page_id=997"},"modified":"2025-05-21T21:33:58","modified_gmt":"2025-05-21T21:33:58","slug":"politicas-para-el-tratamiento-de-datos","status":"publish","type":"page","link":"https:\/\/lumira.com.co\/nuevo\/politicas-para-el-tratamiento-de-datos\/","title":{"rendered":"Pol\u00edticas para el tratamiento de datos"},"content":{"rendered":"\t\t<div data-elementor-type=\"wp-page\" data-elementor-id=\"997\" class=\"elementor elementor-997\" data-elementor-post-type=\"page\">\n\t\t\t\t<div class=\"elementor-element elementor-element-325d387 e-flex e-con-boxed e-con e-parent\" data-id=\"325d387\" data-element_type=\"container\">\n\t\t\t\t\t<div class=\"e-con-inner\">\n\t\t\t\t<div class=\"elementor-element elementor-element-5407cf8 elementor-widget elementor-widget-text-editor\" data-id=\"5407cf8\" data-element_type=\"widget\" data-widget_type=\"text-editor.default\">\n\t\t\t\t<div class=\"elementor-widget-container\">\n\t\t\t\t\t\t\t\t\t<p>LUMIRA S.A.S<br \/>Santiago de Cali, 26 de Octubre de 2016<br \/>PRIMERO- OBJETIVOS Y PRINCIPIOS GENERALES<br \/>Lumira SAS (en adelante \u201cLUMIRA\u201d) busca garantizar la protecci\u00f3n de los datos personales o de cualquier otro tipo de informaci\u00f3n que sea utilizada o repose en nuestros registros y archivos, garantizando el derecho constitucional que tienen todas las personas sobre la informaci\u00f3n recogida sobre, actualizar y rectificar la informaci\u00f3n obtenida. Todo esto en desarrollo de lo establecido por el art\u00edculo 15 de la Constituci\u00f3n Pol\u00edtica, la Ley 1266 de 2008, Ley 1581 de 2012 y dem\u00e1s decretos reglamentarios.<\/p><p>\u00a0<\/p><p>Este documento busca establecer los criterios para la recolecci\u00f3n, uso, tratamiento, procesamiento, intercambio, transferencia y transmisi\u00f3n de datos personales, y fijar las responsabilidades de LUMIRA y de sus empleados en el manejo de los datos personales.<\/p><p>\u00a0<\/p><p>Ser\u00e1n objeto de protecci\u00f3n con base en la presente Pol\u00edtica, aquellas personas que en ejercicio de cualquier actividad, sean estas permanentes u ocasionales, puedan suministrar cualquier tipo de informaci\u00f3n o dato personal a LUMIRA, quien act\u00faa en calidad de responsable del tratamiento de la informaci\u00f3n, y quien deber\u00e1 permitir al titular, conocerla, actualizarla y rectificarla.<\/p><p>SEGUNDO- PRINCIPIOS PARA EL TRATAMIENTO DE DATOS PERSONALES<br \/>En el desarrollo, interpretaci\u00f3n y aplicaci\u00f3n de la Ley 1581 de 2012 por la cual se dictan disposiciones generales para la protecci\u00f3n de datos personales y las normas que la complementan, modifican o adicionan, se aplicar\u00e1n de manera arm\u00f3nica e integral los siguientes principios rectores, en la recolecci\u00f3n, manejo, uso, tratamiento, almacenamiento e intercambio de datos personales, definidos acorde con la ley:<\/p><p>Principio de legalidad en materia de tratamiento de datos<br \/>Principio de finalidad<br \/>Principio de libertad<br \/>Principio de veracidad o calid<br \/>Principio de transpare<br \/>Principio de acceso y circulaci\u00f3n restringida<br \/>Principio de seguridad<br \/>Principio de confidencialidad<br \/>TERCERO- DERECHOS QUE LE ASISTEN AL TITULAR DE LA INFORMACI\u00d3N<br \/>El titular de los datos personales tendr\u00e1 los siguientes derechos:<br \/>Conocer, actualizar y rectificar sus datos personales frente a LUMIRA en su condici\u00f3n de responsable del tratam Este derecho se podr\u00e1 ejercer, entre otros, frente a datos parciales, inexactos, incompletos, fraccionados, que induzcan a error, o aquellos cuyo tratamiento est\u00e9 expresamente prohibido o no haya sido autorizado.<br \/>Solicitar prueba de la autorizaci\u00f3n otorgada a LUMIRA, salvo en los casos expresamente exceptuados en la L<br \/>Ser informado por LUMIRA, previa solicitud, respecto del uso que le ha dado a sus datos person<br \/>Presentar ante la Superintendencia de Industria y Comercio, quejas por infracciones a lo dispuesto en la Ley 1581 de 2012 y las dem\u00e1s normas que la modifiquen, adicionen o complement<br \/>Revocar la autorizaci\u00f3n y\/o solicitar la supresi\u00f3n del dato, cuando en el tratamiento no se respeten los principios, derechos y garant\u00edas constitucionales y legal Exceptuando los casos en que el titular tenga un deber legal o contractual de permanecer en la base de datos del Responsable o Encargado.<br \/>Acceder en forma gratuita a sus datos personales que hayan sido objeto de tratam La informaci\u00f3n solicitada por el titular podr\u00e1 ser suministrada por cualquier medio, incluyendo los electr\u00f3nicos, seg\u00fan lo requiera el titular. LUMIRA deber\u00e1 poner a disposici\u00f3n del titular de la informaci\u00f3n, mecanismos gratuitos y de f\u00e1cil acceso para presentar la solicitud de supresi\u00f3n de datos o la revocatoria de la autorizaci\u00f3n.<br \/>CUARTO- DEBERES DE LUMIRA COMO RESPONSABLE DEL TRATAMIENTO DE DATOS PERSONALES<br \/>En virtud de la presente pol\u00edtica son deberes de LUMIRA cuando act\u00faa como responsable del tratamiento de datos personales, los siguientes:<br \/>Conocer, actualizar y rectificar sus datos personales frente a LUMIRA en su condici\u00f3n de responsable del tratam Este derecho se podr\u00e1 ejercer, entre otros, frente a datos parciales, inexactos, incompletos, fraccionados, que induzcan a error, o aquellos cuyo tratamiento est\u00e9 expresamente prohibido o no haya sido autorizado.<br \/>Solicitar prueba de la autorizaci\u00f3n otorgada a LUMIRA, salvo en los casos expresamente exceptuados en la L<br \/>Ser informado por LUMIRA, previa solicitud, respecto del uso que le ha dado a sus datos person<br \/>Presentar ante la Superintendencia de Industria y Comercio, quejas por infracciones a lo dispuesto en la Ley 1581 de 2012 y las dem\u00e1s normas que la modifiquen, adicionen o complement<br \/>Revocar la autorizaci\u00f3n y\/o solicitar la supresi\u00f3n del dato, cuando en el tratamiento no se respeten los principios, derechos y garant\u00edas constitucionales y legal Exceptuando los casos en que el titular tenga un deber legal o contractual de permanecer en la base de datos del Responsable o Encargado.<br \/>Acceder en forma gratuita a sus datos personales que hayan sido objeto de tratam La informaci\u00f3n solicitada por el titular podr\u00e1 ser suministrada por cualquier medio, incluyendo los electr\u00f3nicos, seg\u00fan lo requiera el titular. LUMIRA deber\u00e1 poner a disposici\u00f3n del titular de la informaci\u00f3n, mecanismos gratuitos y de f\u00e1cil acceso para presentar la solicitud de supresi\u00f3n de datos o la revocatoria de la autorizaci\u00f3n.<br \/>QUINTO- AUTORIZACI\u00d3N DEL TITULAR<br \/>El Responsable del Tratamiento deber\u00e1 adoptar procedimientos para solicitar, a m\u00e1s tardar en el momento de la recolecci\u00f3n de sus datos, la autorizaci\u00f3n previa, expresa e informada del Titular para el Tratamiento de los mismos e informarle los datos personales que ser\u00e1n recolectados as\u00ed como todas las finalidades espec\u00edficas del Tratamiento para las cuales se obtiene el consentimiento. La recolecci\u00f3n de datos deber\u00e1 limitarse a aquellos datos personales que sean pertinentes y adecuados para la finalidad para la cual son recolectados y deber\u00e1 ser obtenida por cualquier medio que pueda ser objeto de consulta y verificaci\u00f3n posterior por parte del Titular.<\/p><p>SEXTO- EVENTOS EN LOS CUALES NO ES NECESARIA LA AUTORIZACI\u00d3N DEL T\u00cdTULAR DE LOS DATOS PERSONALES<br \/>La autorizaci\u00f3n del titular de la informaci\u00f3n no ser\u00e1 necesaria cuando se trate de:<\/p><p>Informaci\u00f3n requerida por una entidad p\u00fablica o administrativa en ejercicio de sus funciones legales o por orden judicial;<br \/>Datos de naturaleza p\u00fablica;<br \/>Casos de urgencia m\u00e9dica o sanitaria;<br \/>Tratamiento de informaci\u00f3n autorizado por la ley para fines hist\u00f3ricos, estad\u00edsticos o cient\u00edficos;<br \/>Datos relacionados con el Registro Civil de las P<br \/>S\u00c9PTIMO- LEGITIMACI\u00d3N PARA EL EJERCICIO DEL DERECHO DEL TITULAR<br \/>Los derechos de los titulares podr\u00e1n ejercerse por las siguientes personas:<\/p><p>Por el Titular, quien deber\u00e1 acreditar su identidad en forma suficiente por los distintos medios que le ponga a disposici\u00f3n LUMIRA.<br \/>Por los causahabientes del Titular (en los casos que \u00e9ste falte por muerte o incapacidad), quienes deber\u00e1n acreditar tal calida<br \/>Por el representante y\/o apoderado del Titular, previa acreditaci\u00f3n de la representaci\u00f3n o poder corres<br \/>Por estipulaci\u00f3n a favor de otro o para ot<\/p><p>Los derechos de los ni\u00f1os, ni\u00f1as y adolescentes se ejercer\u00e1n por las personas facultadas para representarlos.<\/p><p>OCTAVO- MODO DE OTORGAR LA AUTORIZACI\u00d3N<br \/>La autorizaci\u00f3n del Titular puede darse por escrito, de forma oral o mediante conductas inequ\u00edvocas de \u00e9ste, que permitan concluir de forma razonable que otorg\u00f3 la autorizaci\u00f3n. La autorizaci\u00f3n puede constar en un documento f\u00edsico, electr\u00f3nico (mensaje de datos, Internet, sitios web), o en cualquier otro formato que permita garantizar su posterior consulta. Asimismo, podr\u00e1 otorgarse mediante un mecanismo t\u00e9cnico o tecnol\u00f3gico id\u00f3neo, que permita manifestar su consentimiento de manera electr\u00f3nica, para concluir de manera inequ\u00edvoca, que de no haberse surtido una conducta del titular, los datos nunca hubieren sido capturados y almacenados en la base de datos.<\/p><p>NOVENO- PRUEBA DE LA AUTORIZACI\u00d3N<br \/>LUMIRA dispondr\u00e1 de los medios tecnol\u00f3gicos o f\u00edsicos con que cuenta actualmente, e implementar\u00e1 y adoptar\u00e1 las acciones tendientes y necesarias para mantener registros o mecanismos t\u00e9cnicos o tecnol\u00f3gicos id\u00f3neos, que permitan demostrar cu\u00e1ndo y c\u00f3mo se obtuvo la autorizaci\u00f3n por parte de los titulares. Para dar cumplimiento a lo anterior, se podr\u00e1n establecer archivos f\u00edsicos o repositorios electr\u00f3nicos realizados de manera directa o a trav\u00e9s de terceros contratados para tal fin.<\/p><p>D\u00c9CIMO- REVOCATORIA DE LA AUTORIZACI\u00d3N<br \/>Los titulares de los datos personales pueden en cualquier momento revocar el consentimiento al tratamiento de sus datos personales, siempre y cuando el Titular no tenga un deber legal o contractual de permanecer en la base de datos. La presente revocatoria deber\u00e1 ser solicitada por el titular a trav\u00e9s del correo electr\u00f3nico protecciondedatos@lumiradx.com .<\/p><p>D\u00c9CIMO PRIMERO \u2013 AVISO DE PRIVACIDAD<br \/>El Aviso de Privacidad es la comunicaci\u00f3n verbal o escrita generada por el Responsable del Tratamiento, dirigida al Titular a trav\u00e9s de un medio f\u00edsico, electr\u00f3nico o en cualquier otro formato conocido o por conocer, que es puesto a disposici\u00f3n de este para el tratamiento de sus datos personales. A trav\u00e9s de este documento se informa al Titular, la informaci\u00f3n relativa a la existencia de las pol\u00edticas de tratamiento de informaci\u00f3n que le ser\u00e1n aplicables, la forma de acceder a las mismas y las caracter\u00edsticas del Tratamiento que se pretende dar a los datos personales, como m\u00ednimo al momento de efectuar la recolecci\u00f3n de los datos personales.<\/p><p>D\u00c9CIMO SEGUNDO- PROCEDIMIENTOS<br \/>Atenci\u00f3n de consultas y reclamos<\/p><p>Los titulares, o sus causahabientes podr\u00e1n solicitar a trav\u00e9s del correo electr\u00f3nico protecciondedatos@lumiradx.com , la informaci\u00f3n personal del Titular que repose en cualquier base de datos y archivos de LUMIRA.<\/p><p>\u00a0<\/p><p>En cualquier caso, las consultas ser\u00e1n atendidas en un t\u00e9rmino m\u00e1ximo de diez (10) d\u00edas h\u00e1biles contados a partir de la fecha de su recibo. Cuando no fuere posible atender la consulta dentro de dicho t\u00e9rmino, se informar\u00e1 al interesado antes del vencimiento de los diez (10) d\u00edas, expresando los motivos de la demora y se\u00f1alando la fecha en que se atender\u00e1 la consulta, la cual en ning\u00fan caso podr\u00e1 superar los cinco (5) d\u00edas h\u00e1biles siguientes al vencimiento del primer plazo.<\/p><p>Reclamos<br \/>El Titular o sus causahabientes que consideren que la informaci\u00f3n contenida en una base de datos debe ser objeto de correcci\u00f3n, actualizaci\u00f3n o supresi\u00f3n, o cuando adviertan el presunto incumplimiento de cualquiera de los deberes contenidos en la Ley, podr\u00e1n presentar un reclamo ante el Responsable del Tratamiento.<\/p><p>\u00a0<\/p><p>El reclamo lo podr\u00e1 presentar el Titular, teniendo en cuenta la informaci\u00f3n se\u00f1alada en el art\u00edculo 15 de la Ley 1581 de 2012, a trav\u00e9s del correo electr\u00f3nico protecciondedatos@lumiradx.com .<\/p><p>\u00a0<\/p><p>En cualquier momento y de manera gratuita el titular o su representante podr\u00e1n solicitar a trav\u00e9s de este correo electr\u00f3nico la rectificaci\u00f3n, actualizaci\u00f3n o supresi\u00f3n de sus datos personales, previa acreditaci\u00f3n de su identidad.<\/p><p>\u00a0<\/p><p>Los derechos de rectificaci\u00f3n, actualizaci\u00f3n o supresi\u00f3n \u00fanicamente se podr\u00e1n ejercer por: El titular o sus causahabientes, previa acreditaci\u00f3n de su identidad, o a trav\u00e9s de<\/p><p>instrumentos electr\u00f3nicos que le permitan identificar su representante, previa acreditaci\u00f3n de la representaci\u00f3n.<\/p><p>\u00a0<\/p><p>Cuando la solicitud sea formulada por persona distinta del titular, deber\u00e1 acreditarse en debida forma la personer\u00eda o mandato para actuar; y en caso de no acreditar tal calidad, la solicitud se tendr\u00e1 por no presentada.<\/p><p>\u00a0<\/p><p>As\u00ed mismo la solicitud de rectificaci\u00f3n, actualizaci\u00f3n o supresi\u00f3n debe ser presentada a trav\u00e9s del correo electr\u00f3nico protecciondedatos@lumiradx.com y debe contener, como m\u00ednimo, la siguiente informaci\u00f3n:<\/p><p>\u00a0<\/p><p>El nombre y domicilio del titular o cualquier otro medio para recibir la respues<br \/>Los documentos que acrediten la identidad o la personalidad de su represent<br \/>La descripci\u00f3n clara y precisa de los datos personales respecto de los cuales el titular busca ejercer alguno de los derechos.<br \/>En caso dado otros elementos o documentos que faciliten la localizaci\u00f3n de los datos personal<\/p><p>LUMIRA tiene la obligaci\u00f3n de rectificar y actualizar la informaci\u00f3n inexacta, incompleta o desactualizada a solicitud del titular, de conformidad con el procedimiento y los t\u00e9rminos se\u00f1alados.<\/p><p>\u00a0<\/p><p>En las solicitudes de rectificaci\u00f3n y actualizaci\u00f3n de datos personales el titular debe indicar las correcciones a realizar y aportar la documentaci\u00f3n que avale su petici\u00f3n.<\/p><p>\u00a0<\/p><p>El Titular de la informaci\u00f3n tiene el derecho, en todo momento, a solicitar a LUMIRA, la supresi\u00f3n (eliminaci\u00f3n) de sus datos personales cuando:<\/p><p>\u00a0<\/p><p>Considere que los mismos no est\u00e1n siendo tratados conforme a los principios, deberes y obligaciones previstas en la normatividad vigent<br \/>Hayan dejado de ser necesarios o pertinentes para la finalidad para la cual fueron recabado<br \/>Se haya superado el periodo necesario para el cumplimiento de los fines para los que fueron recab.<\/p><p>Esta supresi\u00f3n implica la eliminaci\u00f3n total o parcial de la informaci\u00f3n personal de acuerdo con lo solicitado por el titular en los archivos, bases de datos o tratamientos realizados por LUMIRA.<\/p><p>\u00a0<\/p><p>Es importante tener en cuenta que el derecho de cancelaci\u00f3n no es absoluto y el responsable puede negar el ejercicio del mismo cuando:<\/p><p>\u00a0<\/p><p>El Titular tenga un deber legal o contractual de permanecer en la base de datos.<br \/>La eliminaci\u00f3n de datos obstaculice actuaciones judiciales o administrativas vinculadas a obligaciones fiscales, la investigaci\u00f3n y persecuci\u00f3n de delitos o la actualizaci\u00f3n de sanciones administrativa<br \/>Los datos sean necesarios para proteger los intereses jur\u00eddicamente tutelados del Titular; para realizar una acci\u00f3n en funci\u00f3n del inter\u00e9s p\u00fablico, o para cumplir con una obligaci\u00f3n legalmente adquirida por el titular<br \/>D\u00c9CIMO TERCERO- TRANSFERENCIAS Y TRANSMISIONES INTERNACIONALES DE DATOS PERSONALES<br \/>El Titular de la informaci\u00f3n autoriza expresamente que la totalidad de su informaci\u00f3n personal pueda ser transferida al exterior, sujeto a los requerimientos legales aplicables, en desarrollo de relaciones interinstitucionales.<\/p><p>\u00a0<\/p><p>Sin perjuicio de la obligaci\u00f3n de observar y mantener la confidencialidad de la informaci\u00f3n, LUMIRA, tomar\u00e1 las medidas necesarias para que esos terceros conozcan y se comprometan a observar esta Pol\u00edtica, bajo el entendido de que la informaci\u00f3n personal que reciban, \u00fanicamente podr\u00e1 ser utilizada para asuntos directamente relacionados con las actividades propias de la relaci\u00f3n con LUMIRA, y solamente mientras \u00e9sta dure, y no podr\u00e1 ser usada o destinada para prop\u00f3sito o fin diferente.<\/p><p>\u00a0<\/p><p>LUMIRA, tambi\u00e9n puede intercambiar Informaci\u00f3n Personal con autoridades gubernamentales o p\u00fablicas de otro tipo (incluidas, entre otras autoridades judiciales o administrativas, autoridades fiscales y organismos de investigaci\u00f3n penal, civil, administrativa, disciplinaria y fiscal), y terceros participantes en procedimientos legales civiles y sus contadores, auditores, abogados y otros asesores y representantes, porque es necesario o apropiado: (a) para cumplir con las leyes vigentes, incluidas las leyes distintas a las de su pa\u00eds de residencia; (b) para cumplir con procesos jur\u00eddicos; (c) para responder las solicitudes de las autoridades p\u00fablicas y del gobierno, y para responder las solicitudes de las autoridades p\u00fablicas y del gobierno distintas a las de su pa\u00eds de residencia; (d) para hacer cumplir nuestros t\u00e9rminos y condiciones; (e) para proteger nuestras operaciones; (f) para proteger nuestros derechos, privacidad, seguridad o propiedad, los suyos o los de<\/p><p>\u00a0<\/p><p>terceros; y (g) obtener las indemnizaciones aplicables o limitar los da\u00f1os y perjuicios que nos puedan afectar.<\/p><p>\u00a0<\/p><p>La presente Pol\u00edtica rige a partir del primero (1) de Agosto de 2013.<\/p><p>\u00a0<\/p><p>LUMIRA S.A.S<br \/>Santiago de Cali<\/p>\t\t\t\t\t\t\t\t<\/div>\n\t\t\t\t<\/div>\n\t\t\t\t\t<\/div>\n\t\t\t\t<\/div>\n\t\t\t\t<\/div>\n\t\t","protected":false},"excerpt":{"rendered":"<p>LUMIRA S.A.SSantiago de Cali, 26 de Octubre de 2016PRIMERO- OBJETIVOS Y PRINCIPIOS GENERALESLumira SAS (en adelante \u201cLUMIRA\u201d) busca garantizar la protecci\u00f3n de los datos personales o de cualquier otro tipo de informaci\u00f3n que sea utilizada o repose en nuestros registros y archivos, garantizando el derecho constitucional que tienen todas las personas sobre la informaci\u00f3n recogida [&hellip;]<\/p>\n","protected":false},"author":1,"featured_media":0,"parent":0,"menu_order":0,"comment_status":"closed","ping_status":"closed","template":"","meta":{"_seopress_robots_primary_cat":"","_seopress_titles_title":"","_seopress_titles_desc":"","_seopress_robots_index":"","footnotes":""},"class_list":["post-997","page","type-page","status-publish","hentry"],"_links":{"self":[{"href":"https:\/\/lumira.com.co\/nuevo\/wp-json\/wp\/v2\/pages\/997","targetHints":{"allow":["GET"]}}],"collection":[{"href":"https:\/\/lumira.com.co\/nuevo\/wp-json\/wp\/v2\/pages"}],"about":[{"href":"https:\/\/lumira.com.co\/nuevo\/wp-json\/wp\/v2\/types\/page"}],"author":[{"embeddable":true,"href":"https:\/\/lumira.com.co\/nuevo\/wp-json\/wp\/v2\/users\/1"}],"replies":[{"embeddable":true,"href":"https:\/\/lumira.com.co\/nuevo\/wp-json\/wp\/v2\/comments?post=997"}],"version-history":[{"count":4,"href":"https:\/\/lumira.com.co\/nuevo\/wp-json\/wp\/v2\/pages\/997\/revisions"}],"predecessor-version":[{"id":1016,"href":"https:\/\/lumira.com.co\/nuevo\/wp-json\/wp\/v2\/pages\/997\/revisions\/1016"}],"wp:attachment":[{"href":"https:\/\/lumira.com.co\/nuevo\/wp-json\/wp\/v2\/media?parent=997"}],"curies":[{"name":"wp","href":"https:\/\/api.w.org\/{rel}","templated":true}]}}